{"id":4119,"date":"2024-12-11T08:12:52","date_gmt":"2024-12-11T01:12:52","guid":{"rendered":"https:\/\/aquavina.vn\/product\/aqua-gold\/"},"modified":"2024-12-11T08:12:52","modified_gmt":"2024-12-11T08:12:52","slug":"aqua-gold","status":"publish","type":"product","link":"https:\/\/aquavina.vn\/en\/product\/aqua-gold\/","title":{"rendered":"AQUA GOLD"},"content":{"rendered":"<p><strong>USES:<\/strong><\/p>\n<ul>\n<li> <span class=\"fontstyle0\">Decompose organic compounds to clean the bottom and water of aquaculture ponds&#8230;<\/span><\/li>\n<li><span class=\"fontstyle0\">Cung c\u1ea5p vi sinh v\u1eadt c\u00f3 \u00edch gi\u00fap \u1ed5n \u0111\u1ecbnh m\u00f4i tr\u01b0\u1eddng ao nu\u00f4i, duy tr\u00ec c\u1ea3i thi\u1ec7n ch\u1ea5t<br \/>\nl\u01b0\u1ee3ng n\u01b0\u1edbc ao&#8230;<\/span><\/li>\n<\/ul>\n<p><strong>QUY C\u00c1CH:<\/strong> 1kg <strong>B\u1ea2O QU\u1ea2N:<\/strong> N\u01a1i kh\u00f4 r\u00e1o, tho\u00e1ng m\u00e1t, tr\u00e1nh \u00e1nh s\u00e1ng tr\u1ef1c ti\u1ebfp.<\/p>\n<p><strong>FOR AQUACULTURE USE ONLY<\/strong><\/p>\n<p>\u201cThe product does not contain any substances prohibited from use in the production and trading of aquatic products according to current regulations of the Ministry of Agriculture and Rural Development\u201d<\/p>\n","protected":false},"excerpt":{"rendered":"<p>USES: Decompose organic compounds to clean the bottom and water of aquaculture ponds&#8230; Cung c\u1ea5p vi sinh v\u1eadt c\u00f3 \u00edch gi\u00fap \u1ed5n \u0111\u1ecbnh m\u00f4i tr\u01b0\u1eddng ao nu\u00f4i, duy tr\u00ec c\u1ea3i thi\u1ec7n ch\u1ea5t l\u01b0\u1ee3ng n\u01b0\u1edbc ao&#8230; QUY C\u00c1CH: 1kg B\u1ea2O QU\u1ea2N: N\u01a1i kh\u00f4 r\u00e1o, tho\u00e1ng m\u00e1t, tr\u00e1nh \u00e1nh s\u00e1ng tr\u1ef1c ti\u1ebfp. FOR AQUACULTURE USE ONLY \u201cThe [&hellip;]<\/p>\n","protected":false},"featured_media":3912,"comment_status":"open","ping_status":"closed","template":"","meta":[],"product_cat":[86,105],"product_tag":[],"class_list":{"0":"post-4119","1":"product","2":"type-product","3":"status-publish","4":"has-post-thumbnail","6":"product_cat-thuoc-cho-tom-quang-canh","7":"product_cat-aquaculture-medicine","9":"first","10":"instock","11":"shipping-taxable","12":"product-type-simple"},"_links":{"self":[{"href":"https:\/\/aquavina.vn\/en\/wp-json\/wp\/v2\/product\/4119","targetHints":{"allow":["GET"]}}],"collection":[{"href":"https:\/\/aquavina.vn\/en\/wp-json\/wp\/v2\/product"}],"about":[{"href":"https:\/\/aquavina.vn\/en\/wp-json\/wp\/v2\/types\/product"}],"replies":[{"embeddable":true,"href":"https:\/\/aquavina.vn\/en\/wp-json\/wp\/v2\/comments?post=4119"}],"wp:featuredmedia":[{"embeddable":true,"href":"https:\/\/aquavina.vn\/en\/wp-json\/wp\/v2\/media\/3912"}],"wp:attachment":[{"href":"https:\/\/aquavina.vn\/en\/wp-json\/wp\/v2\/media?parent=4119"}],"wp:term":[{"taxonomy":"product_cat","embeddable":true,"href":"https:\/\/aquavina.vn\/en\/wp-json\/wp\/v2\/product_cat?post=4119"},{"taxonomy":"product_tag","embeddable":true,"href":"https:\/\/aquavina.vn\/en\/wp-json\/wp\/v2\/product_tag?post=4119"}],"curies":[{"name":"wp","href":"https:\/\/api.w.org\/{rel}","templated":true}]}}