{"id":3543,"date":"2024-11-18T03:41:34","date_gmt":"2024-11-17T20:41:34","guid":{"rendered":"https:\/\/aquavina.vn\/product\/tang-trong-vo-beo-gia-suc-gia-cam-sieu-toc\/"},"modified":"2024-11-18T03:41:34","modified_gmt":"2024-11-18T03:41:34","slug":"tang-trong-vo-beo-gia-suc-gia-cam-sieu-toc","status":"publish","type":"product","link":"https:\/\/aquavina.vn\/en\/product\/tang-trong-vo-beo-gia-suc-gia-cam-sieu-toc\/","title":{"rendered":"T\u0102NG TR\u1eccNG, V\u1ed6 B\u00c9O, GIA S\u00daC, GIA C\u1ea6M SI\u00caU T\u1ed0C"},"content":{"rendered":"<p><strong>C\u00d4NG D\u1ee4NG:<\/strong><\/p>\n<p>Cung c\u1ea5p \u0111\u1ea7y \u0111\u1ee7 c\u00e1c vitamin, acid amin, kho\u00e1ng ch\u1ea5t gi\u00fap v\u1eadt nu\u00f4i kho\u1ebb m\u1ea1nh, \u0103n kho\u1ebb ng\u1ee7 ngon.<br \/>\n&#8211; K\u00edch th\u00edch t\u0103ng tr\u1ecdng, nhi\u1ec1u n\u1ea1c, n\u1edf vai, bung \u0111\u00f9i, n\u1edf \u1ee9c, n\u1edf vai, c\u1ea3i thi\u1ec7n khung x\u01b0\u01a1ng, da h\u1ed3ng h\u00e0o, m\u01b0\u1ee3t l\u00f4ng, \u0111\u1eb9p m\u00e3, v\u00e0ng da, v\u00e0ng ch\u00e2n \u0111\u1ed1i v\u1edbi gia c\u1ea7m.<br \/>\n&#8211; Cung c\u1ea5p men vi sinh, c\u00e2n b\u1eb1ng h\u1ec7 ti\u00eau ho\u00e1,t\u1ed1i \u01b0u ho\u00e1 l\u01b0\u1ee3ng th\u1ee9c \u0103n d\u01b0 th\u1eeba, gi\u1ea3m ti\u00eau t\u1ed1n th\u1ee9c \u0103n, t\u0103ng ch\u1ea5t l\u01b0\u1ee3ng th\u1ecbt. Ch\u1ed1ng stress, n\u00e2ng cao \u0111\u1ec1 kh\u00e1ng.<\/p>\n<p><strong>QUY C\u00c1CH: <\/strong><\/p>\n<p>G\u00f3i 100g, 1kg, 10kg<\/p>\n<p>T\u00fai (10 g\u00f3i x 100g)<\/p>\n<p><strong>B\u1ea2O QU\u1ea2N:<\/strong> N\u01a1i kh\u00f4 tho\u00e1ng, nhi\u1ec7t \u0111\u1ed9 d\u01b0\u1edbi 30\u2103, tr\u00e1nh \u00e1nh s\u00e1ng tr\u1ef1c ti\u1ebfp.<\/p>\n","protected":false},"excerpt":{"rendered":"<p>T\u0103ng tr\u1ecdng, v\u1ed7 b\u00e9o, m\u01b0\u1ee3t l\u00f4ng, ch\u1ed1ng stress, n\u00e2ng cao s\u1ee9c \u0111\u1ec1 kh\u00e1ng cho gia s\u00fac, gia c\u1ea7m,&#8230;<\/p>\n","protected":false},"featured_media":3268,"comment_status":"open","ping_status":"closed","template":"","meta":[],"product_cat":[104,110],"product_tag":[],"class_list":{"0":"post-3543","1":"product","2":"type-product","3":"status-publish","4":"has-post-thumbnail","6":"product_cat-veterinary-medicine","7":"product_cat-dinh-duong-che-pham-sinh-hoc-en","9":"first","10":"instock","11":"shipping-taxable","12":"product-type-simple"},"_links":{"self":[{"href":"https:\/\/aquavina.vn\/en\/wp-json\/wp\/v2\/product\/3543","targetHints":{"allow":["GET"]}}],"collection":[{"href":"https:\/\/aquavina.vn\/en\/wp-json\/wp\/v2\/product"}],"about":[{"href":"https:\/\/aquavina.vn\/en\/wp-json\/wp\/v2\/types\/product"}],"replies":[{"embeddable":true,"href":"https:\/\/aquavina.vn\/en\/wp-json\/wp\/v2\/comments?post=3543"}],"wp:featuredmedia":[{"embeddable":true,"href":"https:\/\/aquavina.vn\/en\/wp-json\/wp\/v2\/media\/3268"}],"wp:attachment":[{"href":"https:\/\/aquavina.vn\/en\/wp-json\/wp\/v2\/media?parent=3543"}],"wp:term":[{"taxonomy":"product_cat","embeddable":true,"href":"https:\/\/aquavina.vn\/en\/wp-json\/wp\/v2\/product_cat?post=3543"},{"taxonomy":"product_tag","embeddable":true,"href":"https:\/\/aquavina.vn\/en\/wp-json\/wp\/v2\/product_tag?post=3543"}],"curies":[{"name":"wp","href":"https:\/\/api.w.org\/{rel}","templated":true}]}}